{"id":197,"date":"2025-08-01T14:17:20","date_gmt":"2025-08-01T14:17:20","guid":{"rendered":"http:\/\/www.lise.guerriero.co\/?page_id=197"},"modified":"2025-11-17T17:05:14","modified_gmt":"2025-11-17T17:05:14","slug":"couchers-de-soleil-a-paris","status":"publish","type":"page","link":"https:\/\/www.lise.guerriero.co\/index.php\/couchers-de-soleil-a-paris\/","title":{"rendered":"Couchers de soleil \u00e0 Paris"},"content":{"rendered":"\n\n\n\n<div class=\"wp-block-columns alignwide is-layout-flex wp-container-core-columns-is-layout-28f84493 wp-block-columns-is-layout-flex\">\n<div class=\"wp-block-column is-layout-flow wp-block-column-is-layout-flow\" style=\"flex-basis:100%\"><style type=\"text\/css\">\n#foogallery-gallery-759.fg-justified .fg-item { margin-right: 8px; margin-bottom: 8px; }\n#foogallery-gallery-759.fg-justified .fg-image { height: 200px; }<\/style>\n\t\t\t<div class=\"foogallery foogallery-container foogallery-justified foogallery-lightbox-foogallery fg-justified fg-ready fg-dark fg-border-medium fg-shadow-outline fg-loading-default fg-loaded-fade-in fg-hover-fade fg-c-j\" id=\"foogallery-gallery-759\" data-foogallery=\"{&quot;item&quot;:{&quot;showCaptionTitle&quot;:true,&quot;showCaptionDescription&quot;:false},&quot;lazy&quot;:true,&quot;template&quot;:{&quot;rowHeight&quot;:200,&quot;maxRowHeight&quot;:300,&quot;margins&quot;:8,&quot;align&quot;:&quot;left&quot;,&quot;lastRow&quot;:&quot;smart&quot;}}\" data-foogallery-lightbox=\"{&quot;theme&quot;:&quot;fg-dark&quot;,&quot;thumbs&quot;:&quot;bottom&quot;,&quot;thumbsCaptions&quot;:false,&quot;thumbsBestFit&quot;:false,&quot;thumbsSmall&quot;:false,&quot;thumbsCaptionsAlign&quot;:&quot;default&quot;,&quot;info&quot;:&quot;bottom&quot;,&quot;infoVisible&quot;:true,&quot;infoOverlay&quot;:false,&quot;infoAlign&quot;:&quot;center&quot;,&quot;infoAutoHide&quot;:false,&quot;transition&quot;:&quot;fade&quot;,&quot;hoverButtons&quot;:false,&quot;fitMedia&quot;:false,&quot;noScrollbars&quot;:true,&quot;preserveButtonSpace&quot;:true,&quot;buttons&quot;:{&quot;fullscreen&quot;:true,&quot;info&quot;:true,&quot;thumbs&quot;:false},&quot;video&quot;:{&quot;autoPlay&quot;:true}}\" style=\"--fg-title-line-clamp: 0; --fg-description-line-clamp: 0;\" >\n\t<div class=\"fg-item fg-type-image fg-idle\"><figure class=\"fg-item-inner\"><a href=\"https:\/\/www.lise.guerriero.co\/wp-content\/uploads\/2025\/08\/IMG_8944-scaled.jpg\" data-caption-title=\"Lumi\u00e8re dor\u00e9e sur la Tour Eiffel - Paris\" data-attachment-id=\"214\" data-type=\"image\" class=\"fg-thumb\"><span class=\"fg-image-wrap\"><img fetchpriority=\"high\" decoding=\"async\" alt=\"Lumi\u00e8re dor\u00e9e sur la Tour Eiffel - Paris\" title=\"Lumi\u00e8re dor\u00e9e sur la Tour Eiffel - Paris\" height=\"300\" width=\"450\" class=\"skip-lazy fg-image\" data-src-fg=\"https:\/\/www.lise.guerriero.co\/wp-content\/uploads\/cache\/2025\/08\/IMG_8944-scaled\/3447730398.jpg\" src=\"data:image\/svg+xml,%3Csvg%20xmlns%3D%22http%3A%2F%2Fwww.w3.org%2F2000%2Fsvg%22%20width%3D%22450%22%20height%3D%22300%22%20viewBox%3D%220%200%20450%20300%22%3E%3C%2Fsvg%3E\" loading=\"eager\"><\/span><span class=\"fg-image-overlay\"><\/span><\/a><figcaption class=\"fg-caption\"><div class=\"fg-caption-inner\"><div class=\"fg-caption-title\">Lumi\u00e8re dor\u00e9e sur la Tour Eiffel &#8211; Paris<\/div><\/div><\/figcaption><\/figure><div class=\"fg-loader\"><\/div><\/div><div class=\"fg-item fg-type-image fg-idle\"><figure class=\"fg-item-inner\"><a href=\"https:\/\/www.lise.guerriero.co\/wp-content\/uploads\/2025\/09\/DSCF9362-scaled.jpg\" data-caption-title=\"Coucher de soleil ros\u00e9 sur Paris - Paris\" data-attachment-id=\"692\" data-type=\"image\" class=\"fg-thumb\"><span class=\"fg-image-wrap\"><img decoding=\"async\" alt=\"Coucher de soleil ros\u00e9 sur Paris - Paris\" title=\"Coucher de soleil ros\u00e9 sur Paris - Paris\" height=\"300\" width=\"450\" class=\"skip-lazy fg-image\" data-src-fg=\"https:\/\/www.lise.guerriero.co\/wp-content\/uploads\/cache\/2025\/09\/DSCF9362-scaled\/1540566568.jpg\" src=\"data:image\/svg+xml,%3Csvg%20xmlns%3D%22http%3A%2F%2Fwww.w3.org%2F2000%2Fsvg%22%20width%3D%22450%22%20height%3D%22300%22%20viewBox%3D%220%200%20450%20300%22%3E%3C%2Fsvg%3E\" loading=\"eager\"><\/span><span class=\"fg-image-overlay\"><\/span><\/a><figcaption class=\"fg-caption\"><div class=\"fg-caption-inner\"><div class=\"fg-caption-title\">Coucher de soleil ros\u00e9 sur Paris &#8211; Paris<\/div><\/div><\/figcaption><\/figure><div class=\"fg-loader\"><\/div><\/div><div class=\"fg-item fg-type-image fg-idle\"><figure class=\"fg-item-inner\"><a href=\"https:\/\/www.lise.guerriero.co\/wp-content\/uploads\/2025\/09\/DSCF1668-scaled.jpg\" data-caption-title=\"Coucher de soleil parisien\" data-attachment-id=\"567\" data-type=\"image\" class=\"fg-thumb\"><span class=\"fg-image-wrap\"><img decoding=\"async\" alt=\"Coucher de soleil parisien\" title=\"Coucher de soleil parisien\" height=\"300\" width=\"450\" class=\"skip-lazy fg-image\" data-src-fg=\"https:\/\/www.lise.guerriero.co\/wp-content\/uploads\/cache\/2025\/09\/DSCF1668-scaled\/2531203188.jpg\" src=\"data:image\/svg+xml,%3Csvg%20xmlns%3D%22http%3A%2F%2Fwww.w3.org%2F2000%2Fsvg%22%20width%3D%22450%22%20height%3D%22300%22%20viewBox%3D%220%200%20450%20300%22%3E%3C%2Fsvg%3E\" loading=\"eager\"><\/span><span class=\"fg-image-overlay\"><\/span><\/a><figcaption class=\"fg-caption\"><div class=\"fg-caption-inner\"><div class=\"fg-caption-title\">Coucher de soleil parisien<\/div><\/div><\/figcaption><\/figure><div class=\"fg-loader\"><\/div><\/div><div class=\"fg-item fg-type-image fg-idle\"><figure class=\"fg-item-inner\"><a href=\"https:\/\/www.lise.guerriero.co\/wp-content\/uploads\/2025\/09\/IMG_1290-scaled.jpg\" data-caption-title=\"Coucher de soleil sur le Sacr\u00e9 Coeur - Paris\" data-attachment-id=\"694\" data-type=\"image\" class=\"fg-thumb\"><span class=\"fg-image-wrap\"><img decoding=\"async\" alt=\"Coucher de soleil sur le Sacr\u00e9 Coeur - Paris\" title=\"Coucher de soleil sur le Sacr\u00e9 Coeur - Paris\" height=\"300\" width=\"450\" class=\"skip-lazy fg-image\" data-src-fg=\"https:\/\/www.lise.guerriero.co\/wp-content\/uploads\/cache\/2025\/09\/IMG_1290-scaled\/3879749512.jpg\" src=\"data:image\/svg+xml,%3Csvg%20xmlns%3D%22http%3A%2F%2Fwww.w3.org%2F2000%2Fsvg%22%20width%3D%22450%22%20height%3D%22300%22%20viewBox%3D%220%200%20450%20300%22%3E%3C%2Fsvg%3E\" loading=\"eager\"><\/span><span class=\"fg-image-overlay\"><\/span><\/a><figcaption class=\"fg-caption\"><div class=\"fg-caption-inner\"><div class=\"fg-caption-title\">Coucher de soleil sur le Sacr\u00e9 Coeur &#8211; Paris<\/div><\/div><\/figcaption><\/figure><div class=\"fg-loader\"><\/div><\/div><div class=\"fg-item fg-type-image fg-idle\"><figure class=\"fg-item-inner\"><a href=\"https:\/\/www.lise.guerriero.co\/wp-content\/uploads\/2025\/09\/IMG_2545-scaled.jpg\" data-caption-title=\"Vue de Paris au coucher du soleil - Paris\" data-attachment-id=\"690\" data-type=\"image\" class=\"fg-thumb\"><span class=\"fg-image-wrap\"><img decoding=\"async\" alt=\"Vue de Paris au coucher du soleil - Paris\" title=\"Vue de Paris au coucher du soleil - Paris\" height=\"300\" width=\"450\" class=\"skip-lazy fg-image\" data-src-fg=\"https:\/\/www.lise.guerriero.co\/wp-content\/uploads\/cache\/2025\/09\/IMG_2545-scaled\/2858453527.jpg\" src=\"data:image\/svg+xml,%3Csvg%20xmlns%3D%22http%3A%2F%2Fwww.w3.org%2F2000%2Fsvg%22%20width%3D%22450%22%20height%3D%22300%22%20viewBox%3D%220%200%20450%20300%22%3E%3C%2Fsvg%3E\" loading=\"eager\"><\/span><span class=\"fg-image-overlay\"><\/span><\/a><figcaption class=\"fg-caption\"><div class=\"fg-caption-inner\"><div class=\"fg-caption-title\">Vue de Paris au coucher du soleil &#8211; Paris<\/div><\/div><\/figcaption><\/figure><div class=\"fg-loader\"><\/div><\/div><div class=\"fg-item fg-type-image fg-idle\"><figure class=\"fg-item-inner\"><a href=\"https:\/\/www.lise.guerriero.co\/wp-content\/uploads\/2025\/09\/IMG_1292-1-scaled.jpg\" data-caption-title=\"Vue de la Tour Eiffel en fin de journ\u00e9e - Paris\" data-attachment-id=\"705\" data-type=\"image\" class=\"fg-thumb\"><span class=\"fg-image-wrap\"><img decoding=\"async\" alt=\"Vue de la Tour Eiffel en fin de journ\u00e9e - Paris\" title=\"Vue de la Tour Eiffel en fin de journ\u00e9e - Paris\" height=\"300\" width=\"200\" class=\"skip-lazy fg-image\" data-src-fg=\"https:\/\/www.lise.guerriero.co\/wp-content\/uploads\/cache\/2025\/09\/IMG_1292-1-scaled\/1166899495.jpg\" src=\"data:image\/svg+xml,%3Csvg%20xmlns%3D%22http%3A%2F%2Fwww.w3.org%2F2000%2Fsvg%22%20width%3D%22200%22%20height%3D%22300%22%20viewBox%3D%220%200%20200%20300%22%3E%3C%2Fsvg%3E\" loading=\"eager\"><\/span><span class=\"fg-image-overlay\"><\/span><\/a><figcaption class=\"fg-caption\"><div class=\"fg-caption-inner\"><div class=\"fg-caption-title\">Vue de la Tour Eiffel en fin de journ\u00e9e &#8211; Paris<\/div><\/div><\/figcaption><\/figure><div class=\"fg-loader\"><\/div><\/div><div class=\"fg-item fg-type-image fg-idle\"><figure class=\"fg-item-inner\"><a href=\"https:\/\/www.lise.guerriero.co\/wp-content\/uploads\/2025\/08\/IMG_8597-scaled.jpg\" data-caption-title=\"Coucher de soleil sur le Sacr\u00e9 Coeur - Paris\" data-attachment-id=\"210\" data-type=\"image\" class=\"fg-thumb\"><span class=\"fg-image-wrap\"><img decoding=\"async\" alt=\"Coucher de soleil sur le Sacr\u00e9 Coeur - Paris\" title=\"Coucher de soleil sur le Sacr\u00e9 Coeur - Paris\" height=\"300\" width=\"450\" class=\"skip-lazy fg-image\" data-src-fg=\"https:\/\/www.lise.guerriero.co\/wp-content\/uploads\/cache\/2025\/08\/IMG_8597-scaled\/4250329291.jpg\" src=\"data:image\/svg+xml,%3Csvg%20xmlns%3D%22http%3A%2F%2Fwww.w3.org%2F2000%2Fsvg%22%20width%3D%22450%22%20height%3D%22300%22%20viewBox%3D%220%200%20450%20300%22%3E%3C%2Fsvg%3E\" loading=\"eager\"><\/span><span class=\"fg-image-overlay\"><\/span><\/a><figcaption class=\"fg-caption\"><div class=\"fg-caption-inner\"><div class=\"fg-caption-title\">Coucher de soleil sur le Sacr\u00e9 Coeur &#8211; Paris<\/div><\/div><\/figcaption><\/figure><div class=\"fg-loader\"><\/div><\/div><div class=\"fg-item fg-type-image fg-idle\"><figure class=\"fg-item-inner\"><a href=\"https:\/\/www.lise.guerriero.co\/wp-content\/uploads\/2025\/09\/IMG_8060-scaled.jpg\" data-caption-title=\"Vue de la D\u00e9fense au coucher du soleil - Paris\" data-attachment-id=\"686\" data-type=\"image\" class=\"fg-thumb\"><span class=\"fg-image-wrap\"><img decoding=\"async\" alt=\"Vue de la D\u00e9fense au coucher du soleil - Paris\" title=\"Vue de la D\u00e9fense au coucher du soleil - Paris\" height=\"300\" width=\"450\" class=\"skip-lazy fg-image\" data-src-fg=\"https:\/\/www.lise.guerriero.co\/wp-content\/uploads\/cache\/2025\/09\/IMG_8060-scaled\/2133702158.jpg\" src=\"data:image\/svg+xml,%3Csvg%20xmlns%3D%22http%3A%2F%2Fwww.w3.org%2F2000%2Fsvg%22%20width%3D%22450%22%20height%3D%22300%22%20viewBox%3D%220%200%20450%20300%22%3E%3C%2Fsvg%3E\" loading=\"eager\"><\/span><span class=\"fg-image-overlay\"><\/span><\/a><figcaption class=\"fg-caption\"><div class=\"fg-caption-inner\"><div class=\"fg-caption-title\">Vue de la D\u00e9fense au coucher du soleil &#8211; Paris<\/div><\/div><\/figcaption><\/figure><div class=\"fg-loader\"><\/div><\/div><div class=\"fg-item fg-type-image fg-idle\"><figure class=\"fg-item-inner\"><a href=\"https:\/\/www.lise.guerriero.co\/wp-content\/uploads\/2025\/09\/IMG_1309-scaled.jpg\" data-caption-title=\"Coucher de soleil sur le Sacr\u00e9 Coeur - Paris\" data-attachment-id=\"688\" data-type=\"image\" class=\"fg-thumb\"><span class=\"fg-image-wrap\"><img decoding=\"async\" alt=\"Coucher de soleil sur le Sacr\u00e9 Coeur - Paris\" title=\"Coucher de soleil sur le Sacr\u00e9 Coeur - Paris\" height=\"300\" width=\"450\" class=\"skip-lazy fg-image\" data-src-fg=\"https:\/\/www.lise.guerriero.co\/wp-content\/uploads\/cache\/2025\/09\/IMG_1309-scaled\/3000038707.jpg\" src=\"data:image\/svg+xml,%3Csvg%20xmlns%3D%22http%3A%2F%2Fwww.w3.org%2F2000%2Fsvg%22%20width%3D%22450%22%20height%3D%22300%22%20viewBox%3D%220%200%20450%20300%22%3E%3C%2Fsvg%3E\" loading=\"eager\"><\/span><span class=\"fg-image-overlay\"><\/span><\/a><figcaption class=\"fg-caption\"><div class=\"fg-caption-inner\"><div class=\"fg-caption-title\">Coucher de soleil sur le Sacr\u00e9 Coeur &#8211; Paris<\/div><\/div><\/figcaption><\/figure><div class=\"fg-loader\"><\/div><\/div><div class=\"fg-item fg-type-image fg-idle\"><figure class=\"fg-item-inner\"><a href=\"https:\/\/www.lise.guerriero.co\/wp-content\/uploads\/2025\/09\/IMG_1171-scaled.jpg\" data-caption-title=\"Lumi\u00e8re dor\u00e9e sur la D\u00e9fense - Paris\" data-attachment-id=\"698\" data-type=\"image\" class=\"fg-thumb\"><span class=\"fg-image-wrap\"><img decoding=\"async\" alt=\"Lumi\u00e8re dor\u00e9e sur la D\u00e9fense - Paris\" title=\"Lumi\u00e8re dor\u00e9e sur la D\u00e9fense - Paris\" height=\"300\" width=\"450\" class=\"skip-lazy fg-image\" data-src-fg=\"https:\/\/www.lise.guerriero.co\/wp-content\/uploads\/cache\/2025\/09\/IMG_1171-scaled\/819496866.jpg\" src=\"data:image\/svg+xml,%3Csvg%20xmlns%3D%22http%3A%2F%2Fwww.w3.org%2F2000%2Fsvg%22%20width%3D%22450%22%20height%3D%22300%22%20viewBox%3D%220%200%20450%20300%22%3E%3C%2Fsvg%3E\" loading=\"eager\"><\/span><span class=\"fg-image-overlay\"><\/span><\/a><figcaption class=\"fg-caption\"><div class=\"fg-caption-inner\"><div class=\"fg-caption-title\">Lumi\u00e8re dor\u00e9e sur la D\u00e9fense &#8211; Paris<\/div><\/div><\/figcaption><\/figure><div class=\"fg-loader\"><\/div><\/div><div class=\"fg-item fg-type-image fg-idle\"><figure class=\"fg-item-inner\"><a href=\"https:\/\/www.lise.guerriero.co\/wp-content\/uploads\/2025\/09\/DSCF2006-scaled.jpg\" data-caption-title=\"Vue de Paris \u00e0 la tomb\u00e9e de la nuit depuis ma terrasse - Paris\" data-attachment-id=\"696\" data-type=\"image\" class=\"fg-thumb\"><span class=\"fg-image-wrap\"><img decoding=\"async\" alt=\"Vue de Paris \u00e0 la tomb\u00e9e de la nuit depuis ma terrasse - Paris\" title=\"Vue de Paris \u00e0 la tomb\u00e9e de la nuit depuis ma terrasse - Paris\" height=\"300\" width=\"450\" class=\"skip-lazy fg-image\" data-src-fg=\"https:\/\/www.lise.guerriero.co\/wp-content\/uploads\/cache\/2025\/09\/DSCF2006-scaled\/2441779745.jpg\" src=\"data:image\/svg+xml,%3Csvg%20xmlns%3D%22http%3A%2F%2Fwww.w3.org%2F2000%2Fsvg%22%20width%3D%22450%22%20height%3D%22300%22%20viewBox%3D%220%200%20450%20300%22%3E%3C%2Fsvg%3E\" loading=\"eager\"><\/span><span class=\"fg-image-overlay\"><\/span><\/a><figcaption class=\"fg-caption\"><div class=\"fg-caption-inner\"><div class=\"fg-caption-title\">Vue de Paris \u00e0 la tomb\u00e9e de la nuit depuis ma terrasse &#8211; Paris<\/div><\/div><\/figcaption><\/figure><div class=\"fg-loader\"><\/div><\/div><div class=\"fg-item fg-type-image fg-idle\"><figure class=\"fg-item-inner\"><a href=\"https:\/\/www.lise.guerriero.co\/wp-content\/uploads\/2025\/08\/IMG_8635-scaled.jpg\" data-caption-title=\"Vue de Paris au coucher du soleil - Paris\" data-attachment-id=\"212\" data-type=\"image\" class=\"fg-thumb\"><span class=\"fg-image-wrap\"><img decoding=\"async\" alt=\"Vue de Paris au coucher du soleil - Paris\" title=\"Vue de Paris au coucher du soleil - Paris\" height=\"300\" width=\"450\" class=\"skip-lazy fg-image\" data-src-fg=\"https:\/\/www.lise.guerriero.co\/wp-content\/uploads\/cache\/2025\/08\/IMG_8635-scaled\/2886039744.jpg\" src=\"data:image\/svg+xml,%3Csvg%20xmlns%3D%22http%3A%2F%2Fwww.w3.org%2F2000%2Fsvg%22%20width%3D%22450%22%20height%3D%22300%22%20viewBox%3D%220%200%20450%20300%22%3E%3C%2Fsvg%3E\" loading=\"eager\"><\/span><span class=\"fg-image-overlay\"><\/span><\/a><figcaption class=\"fg-caption\"><div class=\"fg-caption-inner\"><div class=\"fg-caption-title\">Vue de Paris au coucher du soleil &#8211; Paris<\/div><\/div><\/figcaption><\/figure><div class=\"fg-loader\"><\/div><\/div><div class=\"fg-item fg-type-image fg-idle\"><figure class=\"fg-item-inner\"><a href=\"https:\/\/www.lise.guerriero.co\/wp-content\/uploads\/2025\/08\/IMG_5169-scaled.jpg\" data-caption-title=\"Vue de Paris au coucher du soleil - Paris\" data-attachment-id=\"208\" data-type=\"image\" class=\"fg-thumb\"><span class=\"fg-image-wrap\"><img decoding=\"async\" alt=\"Vue de Paris au coucher du soleil - Paris\" title=\"Vue de Paris au coucher du soleil - Paris\" height=\"300\" width=\"450\" class=\"skip-lazy fg-image\" data-src-fg=\"https:\/\/www.lise.guerriero.co\/wp-content\/uploads\/cache\/2025\/08\/IMG_5169-scaled\/3668608909.jpg\" src=\"data:image\/svg+xml,%3Csvg%20xmlns%3D%22http%3A%2F%2Fwww.w3.org%2F2000%2Fsvg%22%20width%3D%22450%22%20height%3D%22300%22%20viewBox%3D%220%200%20450%20300%22%3E%3C%2Fsvg%3E\" loading=\"eager\"><\/span><span class=\"fg-image-overlay\"><\/span><\/a><figcaption class=\"fg-caption\"><div class=\"fg-caption-inner\"><div class=\"fg-caption-title\">Vue de Paris au coucher du soleil &#8211; Paris<\/div><\/div><\/figcaption><\/figure><div class=\"fg-loader\"><\/div><\/div><div class=\"fg-item fg-type-image fg-idle\"><figure class=\"fg-item-inner\"><a href=\"https:\/\/www.lise.guerriero.co\/wp-content\/uploads\/2025\/08\/IMG_2549-scaled.jpg\" data-attachment-id=\"207\" data-type=\"image\" class=\"fg-thumb\"><span class=\"fg-image-wrap\"><img decoding=\"async\" height=\"300\" width=\"450\" class=\"skip-lazy fg-image\" data-src-fg=\"https:\/\/www.lise.guerriero.co\/wp-content\/uploads\/cache\/2025\/08\/IMG_2549-scaled\/2748683651.jpg\" src=\"data:image\/svg+xml,%3Csvg%20xmlns%3D%22http%3A%2F%2Fwww.w3.org%2F2000%2Fsvg%22%20width%3D%22450%22%20height%3D%22300%22%20viewBox%3D%220%200%20450%20300%22%3E%3C%2Fsvg%3E\" loading=\"eager\"><\/span><span class=\"fg-image-overlay\"><\/span><\/a><\/figure><div class=\"fg-loader\"><\/div><\/div><div class=\"fg-item fg-type-image fg-idle\"><figure class=\"fg-item-inner\"><a href=\"https:\/\/www.lise.guerriero.co\/wp-content\/uploads\/2025\/08\/IMG_1313-scaled.jpg\" data-caption-title=\"Vue de la colonne de la Bastille, l&#039;\u00e9glise Saint-Paul-Saint-Louis, la tour Saint Jacques, la D\u00e9fense - Paris\" data-attachment-id=\"206\" data-type=\"image\" class=\"fg-thumb\"><span class=\"fg-image-wrap\"><img decoding=\"async\" alt=\"Vue de la colonne de la Bastille, l&#039;\u00e9glise Saint-Paul-Saint-Louis, la tour Saint Jacques, la D\u00e9fense - Paris\" title=\"Vue de la colonne de la Bastille, l&#039;\u00e9glise Saint-Paul-Saint-Louis, la tour Saint Jacques, la D\u00e9fense - Paris\" height=\"300\" width=\"450\" class=\"skip-lazy fg-image\" data-src-fg=\"https:\/\/www.lise.guerriero.co\/wp-content\/uploads\/cache\/2025\/08\/IMG_1313-scaled\/3696180208.jpg\" src=\"data:image\/svg+xml,%3Csvg%20xmlns%3D%22http%3A%2F%2Fwww.w3.org%2F2000%2Fsvg%22%20width%3D%22450%22%20height%3D%22300%22%20viewBox%3D%220%200%20450%20300%22%3E%3C%2Fsvg%3E\" loading=\"eager\"><\/span><span class=\"fg-image-overlay\"><\/span><\/a><figcaption class=\"fg-caption\"><div class=\"fg-caption-inner\"><div class=\"fg-caption-title\">Vue de la colonne de la Bastille, l&rsquo;\u00e9glise Saint-Paul-Saint-Louis, la tour Saint Jacques, la D\u00e9fense &#8211; Paris<\/div><\/div><\/figcaption><\/figure><div class=\"fg-loader\"><\/div><\/div><div class=\"fg-item fg-type-image fg-idle\"><figure class=\"fg-item-inner\"><a href=\"https:\/\/www.lise.guerriero.co\/wp-content\/uploads\/2025\/08\/IMG_1234-scaled.jpg\" data-caption-title=\"Coucher de soleil sur le Sacr\u00e9 Coeur - Paris\" data-attachment-id=\"203\" data-type=\"image\" class=\"fg-thumb\"><span class=\"fg-image-wrap\"><img decoding=\"async\" alt=\"Coucher de soleil sur le Sacr\u00e9 Coeur - Paris\" title=\"Coucher de soleil sur le Sacr\u00e9 Coeur - Paris\" height=\"300\" width=\"450\" class=\"skip-lazy fg-image\" data-src-fg=\"https:\/\/www.lise.guerriero.co\/wp-content\/uploads\/cache\/2025\/08\/IMG_1234-scaled\/3587124919.jpg\" src=\"data:image\/svg+xml,%3Csvg%20xmlns%3D%22http%3A%2F%2Fwww.w3.org%2F2000%2Fsvg%22%20width%3D%22450%22%20height%3D%22300%22%20viewBox%3D%220%200%20450%20300%22%3E%3C%2Fsvg%3E\" loading=\"eager\"><\/span><span class=\"fg-image-overlay\"><\/span><\/a><figcaption class=\"fg-caption\"><div class=\"fg-caption-inner\"><div class=\"fg-caption-title\">Coucher de soleil sur le Sacr\u00e9 Coeur &#8211; Paris<\/div><\/div><\/figcaption><\/figure><div class=\"fg-loader\"><\/div><\/div><div class=\"fg-item fg-type-image fg-idle\"><figure class=\"fg-item-inner\"><a href=\"https:\/\/www.lise.guerriero.co\/wp-content\/uploads\/2025\/08\/IMG_8626-scaled.jpg\" data-caption-title=\"Vue de la D\u00e9fense au coucher du soleil - Paris\" data-attachment-id=\"211\" data-type=\"image\" class=\"fg-thumb\"><span class=\"fg-image-wrap\"><img decoding=\"async\" alt=\"Vue de la D\u00e9fense au coucher du soleil - Paris\" title=\"Vue de la D\u00e9fense au coucher du soleil - Paris\" height=\"300\" width=\"450\" class=\"skip-lazy fg-image\" data-src-fg=\"https:\/\/www.lise.guerriero.co\/wp-content\/uploads\/cache\/2025\/08\/IMG_8626-scaled\/1653747459.jpg\" src=\"data:image\/svg+xml,%3Csvg%20xmlns%3D%22http%3A%2F%2Fwww.w3.org%2F2000%2Fsvg%22%20width%3D%22450%22%20height%3D%22300%22%20viewBox%3D%220%200%20450%20300%22%3E%3C%2Fsvg%3E\" loading=\"eager\"><\/span><span class=\"fg-image-overlay\"><\/span><\/a><figcaption class=\"fg-caption\"><div class=\"fg-caption-inner\"><div class=\"fg-caption-title\">Vue de la D\u00e9fense au coucher du soleil &#8211; Paris<\/div><\/div><\/figcaption><\/figure><div class=\"fg-loader\"><\/div><\/div><\/div>\n<style type=\"text\/css\">\/* Supprime le cadre entre les images *\/\r\n.foogallery .fg-item-inner {\r\n    background: transparent !important;\r\n    box-shadow: none !important;\r\n    border: none !important;\r\n}<\/style><\/div>\n<\/div>\n\n\n\n<p><\/p>\n","protected":false},"excerpt":{"rendered":"","protected":false},"author":1,"featured_media":0,"parent":0,"menu_order":0,"comment_status":"closed","ping_status":"closed","template":"","meta":{"_uag_custom_page_level_css":"","site-sidebar-layout":"default","site-content-layout":"","ast-site-content-layout":"default","site-content-style":"default","site-sidebar-style":"default","ast-global-header-display":"","ast-banner-title-visibility":"","ast-main-header-display":"","ast-hfb-above-header-display":"","ast-hfb-below-header-display":"","ast-hfb-mobile-header-display":"","site-post-title":"","ast-breadcrumbs-content":"","ast-featured-img":"","footer-sml-layout":"","ast-disable-related-posts":"","theme-transparent-header-meta":"disabled","adv-header-id-meta":"","stick-header-meta":"","header-above-stick-meta":"","header-main-stick-meta":"","header-below-stick-meta":"","astra-migrate-meta-layouts":"default","ast-page-background-enabled":"default","ast-page-background-meta":{"desktop":{"background-color":"var(--ast-global-color-5)","background-image":"","background-repeat":"repeat","background-position":"center center","background-size":"auto","background-attachment":"scroll","background-type":"","background-media":"","overlay-type":"","overlay-color":"","overlay-opacity":"","overlay-gradient":""},"tablet":{"background-color":"","background-image":"","background-repeat":"repeat","background-position":"center center","background-size":"auto","background-attachment":"scroll","background-type":"","background-media":"","overlay-type":"","overlay-color":"","overlay-opacity":"","overlay-gradient":""},"mobile":{"background-color":"","background-image":"","background-repeat":"repeat","background-position":"center center","background-size":"auto","background-attachment":"scroll","background-type":"","background-media":"","overlay-type":"","overlay-color":"","overlay-opacity":"","overlay-gradient":""}},"ast-content-background-meta":{"desktop":{"background-color":"var(--ast-global-color-4)","background-image":"","background-repeat":"repeat","background-position":"center center","background-size":"auto","background-attachment":"scroll","background-type":"","background-media":"","overlay-type":"","overlay-color":"","overlay-opacity":"","overlay-gradient":""},"tablet":{"background-color":"var(--ast-global-color-4)","background-image":"","background-repeat":"repeat","background-position":"center center","background-size":"auto","background-attachment":"scroll","background-type":"","background-media":"","overlay-type":"","overlay-color":"","overlay-opacity":"","overlay-gradient":""},"mobile":{"background-color":"var(--ast-global-color-4)","background-image":"","background-repeat":"repeat","background-position":"center center","background-size":"auto","background-attachment":"scroll","background-type":"","background-media":"","overlay-type":"","overlay-color":"","overlay-opacity":"","overlay-gradient":""}},"footnotes":""},"class_list":["post-197","page","type-page","status-publish","hentry"],"uagb_featured_image_src":{"full":false,"thumbnail":false,"medium":false,"medium_large":false,"large":false,"1536x1536":false,"2048x2048":false,"form-edit-image-preview":false},"uagb_author_info":{"display_name":"admin7164","author_link":"https:\/\/www.lise.guerriero.co\/index.php\/author\/admin7164\/"},"uagb_comment_info":0,"uagb_excerpt":null,"_links":{"self":[{"href":"https:\/\/www.lise.guerriero.co\/index.php\/wp-json\/wp\/v2\/pages\/197","targetHints":{"allow":["GET"]}}],"collection":[{"href":"https:\/\/www.lise.guerriero.co\/index.php\/wp-json\/wp\/v2\/pages"}],"about":[{"href":"https:\/\/www.lise.guerriero.co\/index.php\/wp-json\/wp\/v2\/types\/page"}],"author":[{"embeddable":true,"href":"https:\/\/www.lise.guerriero.co\/index.php\/wp-json\/wp\/v2\/users\/1"}],"replies":[{"embeddable":true,"href":"https:\/\/www.lise.guerriero.co\/index.php\/wp-json\/wp\/v2\/comments?post=197"}],"version-history":[{"count":40,"href":"https:\/\/www.lise.guerriero.co\/index.php\/wp-json\/wp\/v2\/pages\/197\/revisions"}],"predecessor-version":[{"id":978,"href":"https:\/\/www.lise.guerriero.co\/index.php\/wp-json\/wp\/v2\/pages\/197\/revisions\/978"}],"wp:attachment":[{"href":"https:\/\/www.lise.guerriero.co\/index.php\/wp-json\/wp\/v2\/media?parent=197"}],"curies":[{"name":"wp","href":"https:\/\/api.w.org\/{rel}","templated":true}]}}