{"id":544,"date":"2025-09-03T07:45:01","date_gmt":"2025-09-03T07:45:01","guid":{"rendered":"http:\/\/www.lise.guerriero.co\/?page_id=544"},"modified":"2025-12-18T16:15:56","modified_gmt":"2025-12-18T16:15:56","slug":"a-propos-de-moi","status":"publish","type":"page","link":"https:\/\/www.lise.guerriero.co\/index.php\/a-propos-de-moi\/","title":{"rendered":"\u00c0 propos de moi"},"content":{"rendered":"\n<div class=\"wp-block-uagb-container uagb-block-561ee509 alignfull uagb-is-root-container\"><div class=\"uagb-container-inner-blocks-wrap\">\n<div class=\"wp-block-uagb-container uagb-block-815e7b5b\">\n<div class=\"wp-block-uagb-info-box uagb-block-04e8aed6 uagb-infobox__content-wrap  uagb-infobox-icon-above-title uagb-infobox-image-valign-top\"><div class=\"uagb-ifb-content\"><div class=\"uagb-ifb-title-wrap\"><p class=\"uagb-ifb-title-prefix\">\u00c0 propos de moi<\/p><h2 class=\"uagb-ifb-title\">Ma \u00ab\u00a0philosophie\u00a0\u00bb<\/h2><\/div><p class=\"uagb-ifb-desc\">D&rsquo;abord le Reflex argentique de mon p\u00e8re, puis mon bridge (offert pour&nbsp;mes 20 ans), enfin&nbsp;mon Reflex (pour mes 25 ans) : \u00e0 37 ans, <strong>\u00e7a fait un moment&nbsp;que je fais de la photo&#8230;<\/strong> Mon appareil m&rsquo;accompagne tr\u00e8s souvent, il y a tellement d&rsquo;endroits et de moments int\u00e9ressants \u00e0 capturer\u202f!<br>J&rsquo;aime chercher&nbsp;le beau autour de moi, y compris&nbsp;lorsqu&rsquo;il est cach\u00e9. Avec&nbsp;l&rsquo;habitude on le voit partout, c&rsquo;est presque une philosophie de vie&#8230;<br>&nbsp;<br><strong>J\u2019aime que mes photos soient les plus spontan\u00e9es possible<\/strong>, et la technique m\u2019int\u00e9resse peu : je ne fais donc tr\u00e8s peu&nbsp;de post-traitement.<br> Je me concentre sur la composition, le moment et le lieu de la prise de vue. Mais si la lumi\u00e8re n\u2019est pas belle ou si quelque chose g\u00eane le sujet principal, c\u2019est que ce n\u2019est pas le bon endroit ou moment pour la prendre&#8230;<\/p><\/div><\/div>\n\n\n\n<div class=\"wp-block-uagb-buttons uagb-buttons__outer-wrap uagb-btn__default-btn uagb-btn-tablet__default-btn uagb-btn-mobile__default-btn uagb-block-16fe95f8\"><div class=\"uagb-buttons__wrap uagb-buttons-layout-wrap \">\n<div class=\"wp-block-uagb-buttons-child uagb-buttons__outer-wrap uagb-block-1047d0a9 wp-block-button\"><div class=\"uagb-button__wrapper\"><a class=\"uagb-buttons-repeater ast-outline-button\" aria-label=\"\" style=\"border-width:revert-layer\" href=\"mailto:lise@guerriero.co\" rel=\"follow noopener\" target=\"_self\" role=\"button\"><div class=\"uagb-button__link\">Contact<\/div><\/a><\/div><\/div>\n<\/div><\/div>\n\n\n\n<div class=\"wp-block-uagb-info-box uagb-block-f8da0eb4 uagb-infobox__content-wrap  uagb-infobox-icon-above-title uagb-infobox-image-valign-top\"><div class=\"uagb-ifb-content\"><div class=\"uagb-ifb-title-wrap\"><p class=\"uagb-ifb-title-prefix\">About me<\/p><h2 class=\"uagb-ifb-title\">My \u00ab\u00a0philosophy\u00a0\u00bb<\/h2><\/div><p class=\"uagb-ifb-desc\"><em>I\u2019ve been taking photos for a while&nbsp;: first with my father\u2019s film camera, then with my bridge digital camera (20<sup>th<\/sup>&nbsp;anniversary gift) and finally with my Reflex camera (25<sup>th<\/sup>&nbsp;anniversary)\u2026 I often carry my camera, there are so many places and interesting moments to capture!<br>I like to search for the beauty around me, event when it\u2019s hidden. It\u2019s almost a philosophy of life\u2026&nbsp;<br>&nbsp;<br>I like my pictures to be the most spontaneous as possible. I\u2019m not really&nbsp;interested in&nbsp;technical aspects&nbsp;: I do very little post-processing or image editing. I focus on the composition, the moment and the place to take the picture. And if the light is not beautiful enough or if there is something that hides the main subject,&nbsp;it&nbsp;just wasn&rsquo;t the good moment or place to take the picture!<\/em><\/p><\/div><\/div>\n<\/div>\n\n\n\n<div class=\"wp-block-uagb-container uagb-block-94f51270\">\n<div class=\"wp-block-uagb-image alignleft uagb-block-e5292b71 wp-block-uagb-image--layout-default wp-block-uagb-image--effect-static wp-block-uagb-image--align-left\"><figure class=\"wp-block-uagb-image__figure\"><img decoding=\"async\" srcset=\"https:\/\/www.lise.guerriero.co\/wp-content\/uploads\/2025\/09\/Portrait-photo-bebe-683x1024.jpg ,https:\/\/www.lise.guerriero.co\/wp-content\/uploads\/2025\/09\/Portrait-photo-bebe-scaled.jpg 780w, https:\/\/www.lise.guerriero.co\/wp-content\/uploads\/2025\/09\/Portrait-photo-bebe-scaled.jpg 360w\" sizes=\"auto, (max-width: 480px) 150px\" src=\"https:\/\/www.lise.guerriero.co\/wp-content\/uploads\/2025\/09\/Portrait-photo-bebe-683x1024.jpg\" alt=\"\" class=\"uag-image-625\" width=\"270\" height=\"360\" title=\"Portrait photo b\u00e9b\u00e9\" loading=\"lazy\" role=\"img\"\/><\/figure><\/div>\n\n\n\n<div class=\"wp-block-uagb-image alignleft uagb-block-72487f1a wp-block-uagb-image--layout-default wp-block-uagb-image--effect-static wp-block-uagb-image--align-left\"><figure class=\"wp-block-uagb-image__figure\"><img decoding=\"async\" srcset=\"https:\/\/www.lise.guerriero.co\/wp-content\/uploads\/2025\/09\/Portrait-photo-adulte-Copie-683x1024.jpg ,https:\/\/www.lise.guerriero.co\/wp-content\/uploads\/2025\/09\/Portrait-photo-adulte-Copie.jpg 780w, https:\/\/www.lise.guerriero.co\/wp-content\/uploads\/2025\/09\/Portrait-photo-adulte-Copie.jpg 360w\" sizes=\"auto, (max-width: 480px) 150px\" src=\"https:\/\/www.lise.guerriero.co\/wp-content\/uploads\/2025\/09\/Portrait-photo-adulte-Copie-683x1024.jpg\" alt=\"\" class=\"uag-image-623\" width=\"600\" height=\"800\" title=\"\" loading=\"lazy\" role=\"presentation\"\/><\/figure><\/div>\n<\/div>\n<\/div><\/div>\n\n\n\n<h2 class=\"wp-block-heading\">Contact<\/h2>\n\n\n\n<div class=\"wp-block-uagb-forms uagb-forms__outer-wrap uagb-block-372f8052 uagb-forms__medium-btn\"><form class=\"uagb-forms-main-form\" method=\"post\" autocomplete=\"on\" name=\"uagb-form-372f8052\">\n<div class=\"wp-block-uagb-forms-name uagb-forms-name-wrap uagb-forms-field-set uagb-block-2c46c577\"><div class=\"uagb-forms-name-label required uagb-forms-input-label\" id=\"2c46c577\">Pr\u00e9nom<\/div><input type=\"text\" placeholder=\"Pr\u00e9nom\" required class=\"uagb-forms-name-input uagb-forms-input\" name=\"2c46c577\" autocomplete=\"given-name\"\/><\/div>\n\n\n\n<div class=\"wp-block-uagb-forms-name uagb-forms-name-wrap uagb-forms-field-set uagb-block-dfcab80f\"><div class=\"uagb-forms-name-label required uagb-forms-input-label\" id=\"dfcab80f\">Nom de famille<\/div><input type=\"text\" placeholder=\"Nom de famille\" required class=\"uagb-forms-name-input uagb-forms-input\" name=\"dfcab80f\" autocomplete=\"family-name\"\/><\/div>\n\n\n\n<div class=\"wp-block-uagb-forms-email uagb-forms-email-wrap uagb-forms-field-set uagb-block-9c6fc00e\"><div class=\"uagb-forms-email-label  uagb-forms-input-label\" id=\"9c6fc00e\">E-mail<\/div><input type=\"email\" class=\"uagb-forms-email-input uagb-forms-input\" placeholder=\"example@mail.com\" name=\"9c6fc00e\" autocomplete=\"email\"\/><\/div>\n\n\n\n<div class=\"wp-block-uagb-forms-textarea uagb-forms-textarea-wrap uagb-forms-field-set uagb-block-103177e7\"><div class=\"uagb-forms-textarea-label required uagb-forms-input-label\" id=\"103177e7\">Message<\/div><textarea required class=\"uagb-forms-textarea-input uagb-forms-input\" rows=\"4\" placeholder=\"Votre message\" name=\"103177e7\" autocomplete=\"off\"><\/textarea><\/div>\n<div class=\"uagb-forms-form-hidden-data\"><input type=\"hidden\" class=\"uagb_forms_form_label\" value=\"Spectra Form\"\/><input type=\"hidden\" class=\"uagb_forms_form_id\" value=\"uagb-form-372f8052\"\/><\/div><div class=\"uagb-form-reacaptcha-error-372f8052\"><\/div><div class=\"uagb-forms-main-submit-button-wrap wp-block-button\"><button class=\"uagb-forms-main-submit-button wp-block-button__link\"><div class=\"uagb-forms-main-submit-button-text\">Submit<\/div><\/button><\/div><\/form><div class=\"uagb-forms-success-message-372f8052 uagb-forms-submit-message-hide\"><span>Merci beaucoup pour votre message ! Je vous r\u00e9pondrai sous peu.\nLise<\/span><\/div><div class=\"uagb-forms-failed-message-372f8052 uagb-forms-submit-message-hide\"><span>V\u00e9rifiez que tous les champs du formulaire sont bien remplis<\/span><\/div><\/div>\n\n\n\n<p><\/p>\n","protected":false},"excerpt":{"rendered":"<p>Contact<\/p>\n","protected":false},"author":1,"featured_media":0,"parent":0,"menu_order":0,"comment_status":"closed","ping_status":"closed","template":"","meta":{"_uag_custom_page_level_css":"","site-sidebar-layout":"default","site-content-layout":"","ast-site-content-layout":"default","site-content-style":"default","site-sidebar-style":"default","ast-global-header-display":"","ast-banner-title-visibility":"","ast-main-header-display":"","ast-hfb-above-header-display":"","ast-hfb-below-header-display":"","ast-hfb-mobile-header-display":"","site-post-title":"disabled","ast-breadcrumbs-content":"","ast-featured-img":"","footer-sml-layout":"","ast-disable-related-posts":"","theme-transparent-header-meta":"disabled","adv-header-id-meta":"","stick-header-meta":"","header-above-stick-meta":"","header-main-stick-meta":"","header-below-stick-meta":"","astra-migrate-meta-layouts":"default","ast-page-background-enabled":"default","ast-page-background-meta":{"desktop":{"background-color":"var(--ast-global-color-5)","background-image":"","background-repeat":"repeat","background-position":"center center","background-size":"auto","background-attachment":"scroll","background-type":"","background-media":"","overlay-type":"","overlay-color":"","overlay-opacity":"","overlay-gradient":""},"tablet":{"background-color":"","background-image":"","background-repeat":"repeat","background-position":"center center","background-size":"auto","background-attachment":"scroll","background-type":"","background-media":"","overlay-type":"","overlay-color":"","overlay-opacity":"","overlay-gradient":""},"mobile":{"background-color":"","background-image":"","background-repeat":"repeat","background-position":"center center","background-size":"auto","background-attachment":"scroll","background-type":"","background-media":"","overlay-type":"","overlay-color":"","overlay-opacity":"","overlay-gradient":""}},"ast-content-background-meta":{"desktop":{"background-color":"var(--ast-global-color-4)","background-image":"","background-repeat":"repeat","background-position":"center center","background-size":"auto","background-attachment":"scroll","background-type":"","background-media":"","overlay-type":"","overlay-color":"","overlay-opacity":"","overlay-gradient":""},"tablet":{"background-color":"var(--ast-global-color-4)","background-image":"","background-repeat":"repeat","background-position":"center center","background-size":"auto","background-attachment":"scroll","background-type":"","background-media":"","overlay-type":"","overlay-color":"","overlay-opacity":"","overlay-gradient":""},"mobile":{"background-color":"var(--ast-global-color-4)","background-image":"","background-repeat":"repeat","background-position":"center center","background-size":"auto","background-attachment":"scroll","background-type":"","background-media":"","overlay-type":"","overlay-color":"","overlay-opacity":"","overlay-gradient":""}},"footnotes":""},"class_list":["post-544","page","type-page","status-publish","hentry"],"uagb_featured_image_src":{"full":false,"thumbnail":false,"medium":false,"medium_large":false,"large":false,"1536x1536":false,"2048x2048":false,"form-edit-image-preview":false},"uagb_author_info":{"display_name":"admin7164","author_link":"https:\/\/www.lise.guerriero.co\/index.php\/author\/admin7164\/"},"uagb_comment_info":0,"uagb_excerpt":"Contact","_links":{"self":[{"href":"https:\/\/www.lise.guerriero.co\/index.php\/wp-json\/wp\/v2\/pages\/544","targetHints":{"allow":["GET"]}}],"collection":[{"href":"https:\/\/www.lise.guerriero.co\/index.php\/wp-json\/wp\/v2\/pages"}],"about":[{"href":"https:\/\/www.lise.guerriero.co\/index.php\/wp-json\/wp\/v2\/types\/page"}],"author":[{"embeddable":true,"href":"https:\/\/www.lise.guerriero.co\/index.php\/wp-json\/wp\/v2\/users\/1"}],"replies":[{"embeddable":true,"href":"https:\/\/www.lise.guerriero.co\/index.php\/wp-json\/wp\/v2\/comments?post=544"}],"version-history":[{"count":18,"href":"https:\/\/www.lise.guerriero.co\/index.php\/wp-json\/wp\/v2\/pages\/544\/revisions"}],"predecessor-version":[{"id":999,"href":"https:\/\/www.lise.guerriero.co\/index.php\/wp-json\/wp\/v2\/pages\/544\/revisions\/999"}],"wp:attachment":[{"href":"https:\/\/www.lise.guerriero.co\/index.php\/wp-json\/wp\/v2\/media?parent=544"}],"curies":[{"name":"wp","href":"https:\/\/api.w.org\/{rel}","templated":true}]}}