{"id":664,"date":"2025-09-04T13:49:36","date_gmt":"2025-09-04T13:49:36","guid":{"rendered":"http:\/\/www.lise.guerriero.co\/?page_id=664"},"modified":"2025-11-03T16:50:29","modified_gmt":"2025-11-03T16:50:29","slug":"expositions-et-prix","status":"publish","type":"page","link":"https:\/\/www.lise.guerriero.co\/index.php\/expositions-et-prix\/","title":{"rendered":"Expositions et prix"},"content":{"rendered":"\n<h2 class=\"wp-block-heading\">\ud83d\uddbc\ufe0f Expositions <em>(Exhibitions)<\/em><\/h2>\n\n\n\n<figure class=\"wp-block-image aligncenter size-large\"><img loading=\"lazy\" decoding=\"async\" width=\"1024\" height=\"230\" src=\"http:\/\/www.lise.guerriero.co\/wp-content\/uploads\/2025\/09\/Panorama-salle-expo-1024x230.jpg\" alt=\"\" class=\"wp-image-671\" srcset=\"https:\/\/www.lise.guerriero.co\/wp-content\/uploads\/2025\/09\/Panorama-salle-expo-1024x230.jpg 1024w, https:\/\/www.lise.guerriero.co\/wp-content\/uploads\/2025\/09\/Panorama-salle-expo-300x68.jpg 300w, https:\/\/www.lise.guerriero.co\/wp-content\/uploads\/2025\/09\/Panorama-salle-expo-768x173.jpg 768w, https:\/\/www.lise.guerriero.co\/wp-content\/uploads\/2025\/09\/Panorama-salle-expo-228x51.jpg 228w, https:\/\/www.lise.guerriero.co\/wp-content\/uploads\/2025\/09\/Panorama-salle-expo.jpg 1280w\" sizes=\"auto, (max-width: 1024px) 100vw, 1024px\" \/><\/figure>\n\n\n\n<div class=\"wp-block-group is-nowrap is-layout-flex wp-container-core-group-is-layout-6c531013 wp-block-group-is-layout-flex\">\n<p>J&rsquo;ai expos\u00e9 plusieurs fois \u00e0\u00a0Saint-Saturnin-l\u00e8s-Apt (Vaucluse), un petit village proven\u00e7al o\u00f9 j&rsquo;ai de la famille. Durant les \u00e9t\u00e9s 2015, 2017, 2018, 2019 et 2020, j&rsquo;accroche mes photos durant quelques jours autour du 14 juillet : c&rsquo;est souvent l&rsquo;occasion de\u00a0rencontrer des habitu\u00e9s ou des visiteurs de passage.<br><br><em>I have exhibited several times in Saint-Saturnin-l\u00e8s-Apt (Vaucluse), a small Proven\u00e7al village where I have family. During the summers of 2015, 2017, 2018, 2019, and 2020, I hung my photos for a few days around July 14: this was often an opportunity to meet regulars or passing visitors.<\/em><\/p>\n\n\n\n<figure class=\"wp-block-image size-large\"><img loading=\"lazy\" decoding=\"async\" width=\"1024\" height=\"576\" src=\"http:\/\/www.lise.guerriero.co\/wp-content\/uploads\/2025\/09\/20180713_170559-1024x576.jpg\" alt=\"\" class=\"wp-image-670\" srcset=\"https:\/\/www.lise.guerriero.co\/wp-content\/uploads\/2025\/09\/20180713_170559-1024x576.jpg 1024w, https:\/\/www.lise.guerriero.co\/wp-content\/uploads\/2025\/09\/20180713_170559-300x169.jpg 300w, https:\/\/www.lise.guerriero.co\/wp-content\/uploads\/2025\/09\/20180713_170559-768x432.jpg 768w, https:\/\/www.lise.guerriero.co\/wp-content\/uploads\/2025\/09\/20180713_170559-1536x864.jpg 1536w, https:\/\/www.lise.guerriero.co\/wp-content\/uploads\/2025\/09\/20180713_170559-2048x1152.jpg 2048w, https:\/\/www.lise.guerriero.co\/wp-content\/uploads\/2025\/09\/20180713_170559-206x116.jpg 206w\" sizes=\"auto, (max-width: 1024px) 100vw, 1024px\" \/><\/figure>\n<\/div>\n\n\n\n<figure class=\"wp-block-gallery has-nested-images columns-5 wp-block-gallery-1 is-layout-flex wp-block-gallery-is-layout-flex\">\n<figure class=\"wp-block-image size-medium\"><img loading=\"lazy\" decoding=\"async\" width=\"213\" height=\"300\" data-id=\"665\" src=\"http:\/\/www.lise.guerriero.co\/wp-content\/uploads\/2025\/09\/2015-213x300.png\" alt=\"\" class=\"wp-image-665\" srcset=\"https:\/\/www.lise.guerriero.co\/wp-content\/uploads\/2025\/09\/2015-213x300.png 213w, https:\/\/www.lise.guerriero.co\/wp-content\/uploads\/2025\/09\/2015-82x116.png 82w, https:\/\/www.lise.guerriero.co\/wp-content\/uploads\/2025\/09\/2015.png 320w\" sizes=\"auto, (max-width: 213px) 100vw, 213px\" \/><\/figure>\n\n\n\n<figure class=\"wp-block-image size-medium\"><a href=\"http:\/\/www.lise.guerriero.co\/?attachment_id=666\"><img loading=\"lazy\" decoding=\"async\" width=\"212\" height=\"300\" data-id=\"666\" src=\"http:\/\/www.lise.guerriero.co\/wp-content\/uploads\/2025\/09\/2017-212x300.png\" alt=\"\" class=\"wp-image-666\" srcset=\"https:\/\/www.lise.guerriero.co\/wp-content\/uploads\/2025\/09\/2017-212x300.png 212w, https:\/\/www.lise.guerriero.co\/wp-content\/uploads\/2025\/09\/2017-82x116.png 82w, https:\/\/www.lise.guerriero.co\/wp-content\/uploads\/2025\/09\/2017.png 320w\" sizes=\"auto, (max-width: 212px) 100vw, 212px\" \/><\/a><\/figure>\n\n\n\n<figure class=\"wp-block-image size-medium\"><a href=\"http:\/\/www.lise.guerriero.co\/?attachment_id=669\"><img loading=\"lazy\" decoding=\"async\" width=\"211\" height=\"300\" data-id=\"669\" src=\"http:\/\/www.lise.guerriero.co\/wp-content\/uploads\/2025\/09\/2018-211x300.png\" alt=\"\" class=\"wp-image-669\" srcset=\"https:\/\/www.lise.guerriero.co\/wp-content\/uploads\/2025\/09\/2018-211x300.png 211w, https:\/\/www.lise.guerriero.co\/wp-content\/uploads\/2025\/09\/2018-82x116.png 82w, https:\/\/www.lise.guerriero.co\/wp-content\/uploads\/2025\/09\/2018.png 320w\" sizes=\"auto, (max-width: 211px) 100vw, 211px\" \/><\/a><\/figure>\n\n\n\n<figure class=\"wp-block-image size-medium\"><a href=\"http:\/\/www.lise.guerriero.co\/?attachment_id=667\"><img loading=\"lazy\" decoding=\"async\" width=\"212\" height=\"300\" data-id=\"667\" src=\"http:\/\/www.lise.guerriero.co\/wp-content\/uploads\/2025\/09\/2019-212x300.png\" alt=\"\" class=\"wp-image-667\" srcset=\"https:\/\/www.lise.guerriero.co\/wp-content\/uploads\/2025\/09\/2019-212x300.png 212w, https:\/\/www.lise.guerriero.co\/wp-content\/uploads\/2025\/09\/2019-82x116.png 82w, https:\/\/www.lise.guerriero.co\/wp-content\/uploads\/2025\/09\/2019.png 320w\" sizes=\"auto, (max-width: 212px) 100vw, 212px\" \/><\/a><\/figure>\n\n\n\n<figure class=\"wp-block-image size-large\"><a href=\"http:\/\/www.lise.guerriero.co\/?attachment_id=668\"><img loading=\"lazy\" decoding=\"async\" width=\"189\" height=\"267\" data-id=\"668\" src=\"http:\/\/www.lise.guerriero.co\/wp-content\/uploads\/2025\/09\/2020.jpg\" alt=\"\" class=\"wp-image-668\" srcset=\"https:\/\/www.lise.guerriero.co\/wp-content\/uploads\/2025\/09\/2020.jpg 189w, https:\/\/www.lise.guerriero.co\/wp-content\/uploads\/2025\/09\/2020-82x116.jpg 82w\" sizes=\"auto, (max-width: 189px) 100vw, 189px\" \/><\/a><\/figure>\n<\/figure>\n\n\n\n<div class=\"wp-block-group is-nowrap is-layout-flex wp-container-core-group-is-layout-6c531013 wp-block-group-is-layout-flex\">\n<p>Durant le mois de novembre 2016, j&rsquo;ai accroch\u00e9 une dizaine de photographies sur aluminium au Dixit, bar-restaurant du 18\u00e8me arrondissement de Paris.<br><br><em>During the month of November 2016, I hang pictures printed on aluminium to the Dixit, a restaurant-bar in the 18th arrondissement of Paris<\/em><\/p>\n\n\n\n<figure class=\"wp-block-image size-large\"><img loading=\"lazy\" decoding=\"async\" width=\"1024\" height=\"624\" src=\"http:\/\/www.lise.guerriero.co\/wp-content\/uploads\/2025\/09\/IMG_20181109_122046_0972-1024x624.jpg\" alt=\"\" class=\"wp-image-672\" srcset=\"https:\/\/www.lise.guerriero.co\/wp-content\/uploads\/2025\/09\/IMG_20181109_122046_0972-1024x624.jpg 1024w, https:\/\/www.lise.guerriero.co\/wp-content\/uploads\/2025\/09\/IMG_20181109_122046_0972-300x183.jpg 300w, https:\/\/www.lise.guerriero.co\/wp-content\/uploads\/2025\/09\/IMG_20181109_122046_0972-768x468.jpg 768w, https:\/\/www.lise.guerriero.co\/wp-content\/uploads\/2025\/09\/IMG_20181109_122046_0972-190x116.jpg 190w, https:\/\/www.lise.guerriero.co\/wp-content\/uploads\/2025\/09\/IMG_20181109_122046_0972.jpg 1431w\" sizes=\"auto, (max-width: 1024px) 100vw, 1024px\" \/><\/figure>\n\n\n\n<figure class=\"wp-block-image size-large\"><img loading=\"lazy\" decoding=\"async\" width=\"1024\" height=\"512\" src=\"http:\/\/www.lise.guerriero.co\/wp-content\/uploads\/2025\/09\/20181108_193348-1024x512.jpg\" alt=\"\" class=\"wp-image-673\" srcset=\"https:\/\/www.lise.guerriero.co\/wp-content\/uploads\/2025\/09\/20181108_193348-1024x512.jpg 1024w, https:\/\/www.lise.guerriero.co\/wp-content\/uploads\/2025\/09\/20181108_193348-300x150.jpg 300w, https:\/\/www.lise.guerriero.co\/wp-content\/uploads\/2025\/09\/20181108_193348-768x384.jpg 768w, https:\/\/www.lise.guerriero.co\/wp-content\/uploads\/2025\/09\/20181108_193348-1536x768.jpg 1536w, https:\/\/www.lise.guerriero.co\/wp-content\/uploads\/2025\/09\/20181108_193348-2048x1024.jpg 2048w, https:\/\/www.lise.guerriero.co\/wp-content\/uploads\/2025\/09\/20181108_193348-228x114.jpg 228w\" sizes=\"auto, (max-width: 1024px) 100vw, 1024px\" \/><\/figure>\n<\/div>\n\n\n\n<h2 class=\"wp-block-heading\">\ud83c\udfc6 Prix <em>(Awards)<\/em><\/h2>\n\n\n\n<div class=\"wp-block-group is-nowrap is-layout-flex wp-container-core-group-is-layout-6c531013 wp-block-group-is-layout-flex\">\n<p>En 2019, cette photographie a re\u00e7u le \u00ab\u00a0<a href=\"https:\/\/px3.fr\/winners\/px3\/2019\/10587\/\" target=\"_blank\" rel=\"noreferrer noopener\">Prix Argent de la photographie de Paris<\/a>\u00a0\u00bb dans la cat\u00e9gorie Nature &#8211; Couchers de soleil\u00a0\u00bb (Amateur).<br><br><em>In 2019, this picture was awarded by the Silver Prize of the\u00a0<a href=\"https:\/\/px3.fr\/winners\/px3\/2019\/10587\/\" target=\"_blank\" rel=\"noreferrer noopener\">Photography Award prize of Paris<\/a>\u00a0in the Nature &#8211; Sunsets category (Amateur)<\/em>.<\/p>\n\n\n\n<figure class=\"wp-block-image size-large\"><img loading=\"lazy\" decoding=\"async\" width=\"1024\" height=\"683\" src=\"http:\/\/www.lise.guerriero.co\/wp-content\/uploads\/2025\/07\/P1060312-1024x683.jpg\" alt=\"\" class=\"wp-image-189\" srcset=\"https:\/\/www.lise.guerriero.co\/wp-content\/uploads\/2025\/07\/P1060312-1024x683.jpg 1024w, https:\/\/www.lise.guerriero.co\/wp-content\/uploads\/2025\/07\/P1060312-300x200.jpg 300w, https:\/\/www.lise.guerriero.co\/wp-content\/uploads\/2025\/07\/P1060312-768x512.jpg 768w, https:\/\/www.lise.guerriero.co\/wp-content\/uploads\/2025\/07\/P1060312-1536x1024.jpg 1536w, https:\/\/www.lise.guerriero.co\/wp-content\/uploads\/2025\/07\/P1060312-2048x1365.jpg 2048w, https:\/\/www.lise.guerriero.co\/wp-content\/uploads\/2025\/07\/P1060312-174x116.jpg 174w\" sizes=\"auto, (max-width: 1024px) 100vw, 1024px\" \/><\/figure>\n\n\n\n<figure class=\"wp-block-image size-full\"><img loading=\"lazy\" decoding=\"async\" width=\"719\" height=\"744\" src=\"http:\/\/www.lise.guerriero.co\/wp-content\/uploads\/2025\/09\/Prix-de-la-photographie-de-Paris.jpeg.png\" alt=\"\" class=\"wp-image-674\" srcset=\"https:\/\/www.lise.guerriero.co\/wp-content\/uploads\/2025\/09\/Prix-de-la-photographie-de-Paris.jpeg.png 719w, https:\/\/www.lise.guerriero.co\/wp-content\/uploads\/2025\/09\/Prix-de-la-photographie-de-Paris.jpeg-290x300.png 290w, https:\/\/www.lise.guerriero.co\/wp-content\/uploads\/2025\/09\/Prix-de-la-photographie-de-Paris.jpeg-112x116.png 112w\" sizes=\"auto, (max-width: 719px) 100vw, 719px\" \/><\/figure>\n<\/div>\n\n\n\n<div class=\"wp-block-group is-nowrap is-layout-flex wp-container-core-group-is-layout-6c531013 wp-block-group-is-layout-flex\">\n<p>En 2018, cette photographie \u00e9t\u00e9 nomin\u00e9e dans la cat\u00e9gorie Nature du\u00a0<a href=\"https:\/\/fineartphotoawards.com\/winners-gallery\/fapa-2017-2018\/amateur\/nature\/hm\/7317\/\" target=\"_blank\" rel=\"noreferrer noopener\">Fine Art Photography Award<\/a>\u00a0(Amateur).<br><br><em>In 2018,\u00a0 this picture was nominated in the\u00a0Nature category of the\u00a0<a href=\"https:\/\/fineartphotoawards.com\/winners-gallery\/fapa-2017-2018\/amateur\/nature\/hm\/7317\/\" target=\"_blank\" rel=\"noreferrer noopener\">\u00ab\u00a0Fine Art Photography Award\u00a0\u00bb<\/a>\u00a0(Amateur)<\/em>.<\/p>\n\n\n\n<figure class=\"wp-block-image size-large\"><img loading=\"lazy\" decoding=\"async\" width=\"1024\" height=\"683\" src=\"http:\/\/www.lise.guerriero.co\/wp-content\/uploads\/2025\/08\/IMG_4221-1024x683.jpg\" alt=\"\" class=\"wp-image-436\" srcset=\"https:\/\/www.lise.guerriero.co\/wp-content\/uploads\/2025\/08\/IMG_4221-1024x683.jpg 1024w, https:\/\/www.lise.guerriero.co\/wp-content\/uploads\/2025\/08\/IMG_4221-300x200.jpg 300w, https:\/\/www.lise.guerriero.co\/wp-content\/uploads\/2025\/08\/IMG_4221-768x512.jpg 768w, https:\/\/www.lise.guerriero.co\/wp-content\/uploads\/2025\/08\/IMG_4221-1536x1024.jpg 1536w, https:\/\/www.lise.guerriero.co\/wp-content\/uploads\/2025\/08\/IMG_4221-2048x1365.jpg 2048w, https:\/\/www.lise.guerriero.co\/wp-content\/uploads\/2025\/08\/IMG_4221-174x116.jpg 174w\" sizes=\"auto, (max-width: 1024px) 100vw, 1024px\" \/><\/figure>\n\n\n\n<figure class=\"wp-block-image size-full\"><img loading=\"lazy\" decoding=\"async\" width=\"800\" height=\"800\" src=\"http:\/\/www.lise.guerriero.co\/wp-content\/uploads\/2025\/09\/4th-Fapa-nominee.png\" alt=\"\" class=\"wp-image-675\" srcset=\"https:\/\/www.lise.guerriero.co\/wp-content\/uploads\/2025\/09\/4th-Fapa-nominee.png 800w, https:\/\/www.lise.guerriero.co\/wp-content\/uploads\/2025\/09\/4th-Fapa-nominee-300x300.png 300w, https:\/\/www.lise.guerriero.co\/wp-content\/uploads\/2025\/09\/4th-Fapa-nominee-150x150.png 150w, https:\/\/www.lise.guerriero.co\/wp-content\/uploads\/2025\/09\/4th-Fapa-nominee-768x768.png 768w, https:\/\/www.lise.guerriero.co\/wp-content\/uploads\/2025\/09\/4th-Fapa-nominee-116x116.png 116w\" sizes=\"auto, (max-width: 800px) 100vw, 800px\" \/><\/figure>\n<\/div>\n","protected":false},"excerpt":{"rendered":"<p>\ud83d\uddbc\ufe0f Expositions (Exhibitions) J&rsquo;ai expos\u00e9 plusieurs fois \u00e0\u00a0Saint-Saturnin-l\u00e8s-Apt (Vaucluse), un petit village proven\u00e7al o\u00f9 j&rsquo;ai de la famille. Durant les [&hellip;]<\/p>\n","protected":false},"author":1,"featured_media":0,"parent":0,"menu_order":0,"comment_status":"closed","ping_status":"closed","template":"","meta":{"_uag_custom_page_level_css":"","site-sidebar-layout":"default","site-content-layout":"","ast-site-content-layout":"default","site-content-style":"default","site-sidebar-style":"default","ast-global-header-display":"","ast-banner-title-visibility":"","ast-main-header-display":"","ast-hfb-above-header-display":"","ast-hfb-below-header-display":"","ast-hfb-mobile-header-display":"","site-post-title":"disabled","ast-breadcrumbs-content":"","ast-featured-img":"","footer-sml-layout":"","ast-disable-related-posts":"","theme-transparent-header-meta":"disabled","adv-header-id-meta":"","stick-header-meta":"","header-above-stick-meta":"","header-main-stick-meta":"","header-below-stick-meta":"","astra-migrate-meta-layouts":"default","ast-page-background-enabled":"default","ast-page-background-meta":{"desktop":{"background-color":"var(--ast-global-color-5)","background-image":"","background-repeat":"repeat","background-position":"center center","background-size":"auto","background-attachment":"scroll","background-type":"","background-media":"","overlay-type":"","overlay-color":"","overlay-opacity":"","overlay-gradient":""},"tablet":{"background-color":"","background-image":"","background-repeat":"repeat","background-position":"center center","background-size":"auto","background-attachment":"scroll","background-type":"","background-media":"","overlay-type":"","overlay-color":"","overlay-opacity":"","overlay-gradient":""},"mobile":{"background-color":"","background-image":"","background-repeat":"repeat","background-position":"center center","background-size":"auto","background-attachment":"scroll","background-type":"","background-media":"","overlay-type":"","overlay-color":"","overlay-opacity":"","overlay-gradient":""}},"ast-content-background-meta":{"desktop":{"background-color":"var(--ast-global-color-4)","background-image":"","background-repeat":"repeat","background-position":"center center","background-size":"auto","background-attachment":"scroll","background-type":"","background-media":"","overlay-type":"","overlay-color":"","overlay-opacity":"","overlay-gradient":""},"tablet":{"background-color":"var(--ast-global-color-4)","background-image":"","background-repeat":"repeat","background-position":"center center","background-size":"auto","background-attachment":"scroll","background-type":"","background-media":"","overlay-type":"","overlay-color":"","overlay-opacity":"","overlay-gradient":""},"mobile":{"background-color":"var(--ast-global-color-4)","background-image":"","background-repeat":"repeat","background-position":"center center","background-size":"auto","background-attachment":"scroll","background-type":"","background-media":"","overlay-type":"","overlay-color":"","overlay-opacity":"","overlay-gradient":""}},"footnotes":""},"class_list":["post-664","page","type-page","status-publish","hentry"],"uagb_featured_image_src":{"full":false,"thumbnail":false,"medium":false,"medium_large":false,"large":false,"1536x1536":false,"2048x2048":false,"form-edit-image-preview":false},"uagb_author_info":{"display_name":"admin7164","author_link":"https:\/\/www.lise.guerriero.co\/index.php\/author\/admin7164\/"},"uagb_comment_info":0,"uagb_excerpt":"\ud83d\uddbc\ufe0f Expositions (Exhibitions) J&rsquo;ai expos\u00e9 plusieurs fois \u00e0\u00a0Saint-Saturnin-l\u00e8s-Apt (Vaucluse), un petit village proven\u00e7al o\u00f9 j&rsquo;ai de la famille. Durant les [&hellip;]","_links":{"self":[{"href":"https:\/\/www.lise.guerriero.co\/index.php\/wp-json\/wp\/v2\/pages\/664","targetHints":{"allow":["GET"]}}],"collection":[{"href":"https:\/\/www.lise.guerriero.co\/index.php\/wp-json\/wp\/v2\/pages"}],"about":[{"href":"https:\/\/www.lise.guerriero.co\/index.php\/wp-json\/wp\/v2\/types\/page"}],"author":[{"embeddable":true,"href":"https:\/\/www.lise.guerriero.co\/index.php\/wp-json\/wp\/v2\/users\/1"}],"replies":[{"embeddable":true,"href":"https:\/\/www.lise.guerriero.co\/index.php\/wp-json\/wp\/v2\/comments?post=664"}],"version-history":[{"count":1,"href":"https:\/\/www.lise.guerriero.co\/index.php\/wp-json\/wp\/v2\/pages\/664\/revisions"}],"predecessor-version":[{"id":676,"href":"https:\/\/www.lise.guerriero.co\/index.php\/wp-json\/wp\/v2\/pages\/664\/revisions\/676"}],"wp:attachment":[{"href":"https:\/\/www.lise.guerriero.co\/index.php\/wp-json\/wp\/v2\/media?parent=664"}],"curies":[{"name":"wp","href":"https:\/\/api.w.org\/{rel}","templated":true}]}}